{"id":1060,"date":"2021-05-06T06:25:34","date_gmt":"2021-05-06T06:25:34","guid":{"rendered":"https:\/\/avb-elettroutensili.it\/?post_type=product&#038;p=1060"},"modified":"2021-05-06T10:06:38","modified_gmt":"2021-05-06T10:06:38","slug":"kit-2-serrature-sicurezza-furgoni-meroni-8092-ufo2-ka","status":"publish","type":"product","link":"https:\/\/avb-elettroutensili.it\/?product=kit-2-serrature-sicurezza-furgoni-meroni-8092-ufo2-ka","title":{"rendered":"Kit 2 Serrature Sicurezza Furgoni MERONI 8092 UFO2 KA"},"content":{"rendered":"<h3>UFO2 \u00e8 la nuova serratura aggiuntiva per la sicurezza di veicoli commerciali leggeri con chiusura manuale.<br \/>\nIl corpo di UFO2, comune a tutte le applicazioni, contiene all&#8217;interno quattro sfere d&#8217;acciaio mobili cementate antitrapano, che impediscono qualsiasi tentativo di forzatura. Anche il cilindro di sicurezza montato su UFO \u00e8 antitrapano, ed \u00e8 certificato dalle omologazioni CNPP e T\u00dcV.<br \/>\n4 chiavi in dotazione.<\/h3>\n<p>&nbsp;<\/p>\n<h2><\/h2>\n<p>&nbsp;<\/p>\n","protected":false},"excerpt":{"rendered":"<h2>UFO2 8092 MERONI, coppia di serrature di sicurezza per furgone con chiusura manuale<\/h2>\n","protected":false},"featured_media":1064,"template":"","meta":{"_et_pb_use_builder":"","_et_pb_old_content":"","_et_gb_content_width":"","spay_email":""},"_links":{"self":[{"href":"https:\/\/avb-elettroutensili.it\/index.php?rest_route=\/wp\/v2\/product\/1060"}],"collection":[{"href":"https:\/\/avb-elettroutensili.it\/index.php?rest_route=\/wp\/v2\/product"}],"about":[{"href":"https:\/\/avb-elettroutensili.it\/index.php?rest_route=\/wp\/v2\/types\/product"}],"wp:featuredmedia":[{"embeddable":true,"href":"https:\/\/avb-elettroutensili.it\/index.php?rest_route=\/wp\/v2\/media\/1064"}],"wp:attachment":[{"href":"https:\/\/avb-elettroutensili.it\/index.php?rest_route=%2Fwp%2Fv2%2Fmedia&parent=1060"}],"curies":[{"name":"wp","href":"https:\/\/api.w.org\/{rel}","templated":true}]}}